{"id":26,"date":"2024-12-10T08:13:42","date_gmt":"2024-12-10T05:13:42","guid":{"rendered":"http:\/\/bestattungsdienst-nuernberg.de\/?page_id=26"},"modified":"2025-12-12T13:55:43","modified_gmt":"2025-12-12T10:55:43","slug":"philosophie","status":"publish","type":"page","link":"https:\/\/bestattungsdienst-nuernberg.de\/de\/philosophie\/","title":{"rendered":"Philosophie"},"content":{"rendered":"<p><\/p>\n<h1>Unsere Werte.<\/h1>\n<p>Im Bestattungsinstitut Kaiserburg Bestattungen begegnen wir jedem Menschen mit tiefem Respekt und aufrichtiger Achtung \u2013 besonders dann, wenn sein Lebensweg zu Ende gegangen ist. F\u00fcr uns ist jedes Leben von unsch\u00e4tzbarem Wert, mit all seinen H\u00f6hen und Tiefen, seinen Tr\u00e4umen und den Spuren, die ein Mensch in den Herzen seiner Angeh\u00f6rigen hinterl\u00e4sst.<\/p>\n<p>Wir glauben daran, dass Abschiednehmen von Liebe, Dankbarkeit und W\u00fcrde getragen sein sollte. Unsere Philosophie gr\u00fcndet auf F\u00fcrsorge \u2013 nicht nur f\u00fcr den Verstorbenen, sondern ebenso f\u00fcr jene, die um ihn trauern. In diesen schweren Momenten m\u00f6chten wir an Ihrer Seite stehen: einf\u00fchlsam, aufmerksam und mit dem n\u00f6tigen Halt.<\/p>\n<p>Unser Team schafft einen gesch\u00fctzten Raum, in dem Angeh\u00f6rige geh\u00f6rt und verstanden werden. Mit gro\u00dfer Sorgfalt gestalten wir jede Abschiedszeremonie so, dass sie die Einzigartigkeit des Menschen widerspiegelt \u2013 seinen Charakter, seinen Lebensweg und das Licht, das er in seiner Zeit auf Erden verbreitet hat. Wir sind \u00fcberzeugt, dass ein Abschied nicht nur schmerzvoll, sondern auch ein Moment tiefen Respekts und liebevoller Erinnerung sein kann.<\/p>\n<p>Vertrauen Sie auf unsere Achtsamkeit und unser Feingef\u00fchl. Wir setzen alles daran, einen w\u00fcrdevollen, herzlichen und unvergesslichen Abschied zu gestalten, der ein warmes Andenken f\u00fcr ein ganzes Leben bewahrt.<\/p>\n<p>Mit liebevollem Respekt,<\/p>\n<p>Ihr Team Kaiserburg Bestattungen<\/p>","protected":false},"excerpt":{"rendered":"<p>Unsere Werte. Im Bestattungsinstitut Kaiserburg Bestattungen begegnen wir jedem Menschen mit tiefem Respekt und aufrichtiger Achtung \u2013 besonders dann, wenn sein Lebensweg zu Ende gegangen ist. F\u00fcr uns ist jedes Leben von unsch\u00e4tzbarem Wert, mit all seinen H\u00f6hen und Tiefen, seinen Tr\u00e4umen und den Spuren, die ein Mensch in den Herzen seiner Angeh\u00f6rigen hinterl\u00e4sst. Wir\u2026<\/p>\n","protected":false},"author":1,"featured_media":0,"parent":0,"menu_order":0,"comment_status":"closed","ping_status":"closed","template":"","meta":{"footnotes":""},"class_list":["post-26","page","type-page","status-publish","hentry"],"_links":{"self":[{"href":"https:\/\/bestattungsdienst-nuernberg.de\/de\/wp-json\/wp\/v2\/pages\/26","targetHints":{"allow":["GET"]}}],"collection":[{"href":"https:\/\/bestattungsdienst-nuernberg.de\/de\/wp-json\/wp\/v2\/pages"}],"about":[{"href":"https:\/\/bestattungsdienst-nuernberg.de\/de\/wp-json\/wp\/v2\/types\/page"}],"author":[{"embeddable":true,"href":"https:\/\/bestattungsdienst-nuernberg.de\/de\/wp-json\/wp\/v2\/users\/1"}],"replies":[{"embeddable":true,"href":"https:\/\/bestattungsdienst-nuernberg.de\/de\/wp-json\/wp\/v2\/comments?post=26"}],"version-history":[{"count":4,"href":"https:\/\/bestattungsdienst-nuernberg.de\/de\/wp-json\/wp\/v2\/pages\/26\/revisions"}],"predecessor-version":[{"id":707,"href":"https:\/\/bestattungsdienst-nuernberg.de\/de\/wp-json\/wp\/v2\/pages\/26\/revisions\/707"}],"wp:attachment":[{"href":"https:\/\/bestattungsdienst-nuernberg.de\/de\/wp-json\/wp\/v2\/media?parent=26"}],"curies":[{"name":"wp","href":"https:\/\/api.w.org\/{rel}","templated":true}]}}