{"id":24,"date":"2024-12-10T08:13:31","date_gmt":"2024-12-10T05:13:31","guid":{"rendered":"http:\/\/bestattungsdienst-nuernberg.de\/?page_id=24"},"modified":"2025-12-12T14:44:26","modified_gmt":"2025-12-12T11:44:26","slug":"bestattungsfahrzeuge","status":"publish","type":"page","link":"https:\/\/bestattungsdienst-nuernberg.de\/de\/bestattungsfahrzeuge\/","title":{"rendered":"Bestattungsfahrzeuge"},"content":{"rendered":"<p><\/p>\n<h1>Fahrzeuge, die den letzten Weg mit Liebe begleiten<\/h1>\n<p>Unsere Bestattungsfahrzeuge, die den Namen \u201eKaiserburg Bestattungen\u201c tragen, sind mehr als nur Transportmittel. Sie sind stille Begleiter in Momenten, in denen Worte fehlen und in denen jedes Detail z\u00e4hlt. Jedes einzelne Fahrzeug unserer Flotte wurde mit gr\u00f6\u00dfter Sorgfalt ausgew\u00e4hlt \u2013 nicht nur, um allen gesetzlichen Anforderungen zu entsprechen, sondern um etwas viel Wichtigeres zu erf\u00fcllen: den letzten Weg eines geliebten Menschen mit W\u00fcrde und Z\u00e4rtlichkeit zu umrahmen.<\/p>\n<p>Wenn eines unserer Fahrzeuge sich auf den Weg macht, f\u00e4hrt es nicht einfach los. Es tr\u00e4gt Geschichten. Es tr\u00e4gt gelebte Jahre, Erinnerungen, Liebe, die geblieben ist. Seine ruhige, zur\u00fcckhaltende Erscheinung und seine harmonische Gestaltung sollen ein Gef\u00fchl von Frieden schenken \u2013 einen Moment, in dem Angeh\u00f6rige sp\u00fcren: \u201e<em>Wir begleiten dich bis zum aller letzten Schritt, und wir tun es mit Herz.<\/em>\u201c<\/p>\n<p>Jedes Fahrzeug in unserer Flotte ist ein leiser Ausdruck unserer Philosophie: tiefste Achtsamkeit, aufrichtige Menschlichkeit und der Wunsch, den letzten Weg so zu gestalten, wie er sein sollte &#8211; sanft, hell und voller Respekt vor dem Leben, das war.<\/p>\n<p>Wir glauben daran, dass selbst in den schwersten Momente W\u00e4rme sp\u00fcrbar ist &#8211; wenn Menschen da sind, die begleiten&#8230; leise, behutsam, von Herzen.<\/p>\n<p><img loading=\"lazy\" decoding=\"async\" class=\"alignnone size-medium wp-image-709\" src=\"https:\/\/bestattungsdienst-nuernberg.de\/wp-content\/uploads\/2025\/12\/kfz-1-300x169.jpg\" alt=\"\" width=\"300\" height=\"169\" srcset=\"https:\/\/bestattungsdienst-nuernberg.de\/wp-content\/uploads\/2025\/12\/kfz-1-300x169.jpg 300w, https:\/\/bestattungsdienst-nuernberg.de\/wp-content\/uploads\/2025\/12\/kfz-1-1024x576.jpg 1024w, https:\/\/bestattungsdienst-nuernberg.de\/wp-content\/uploads\/2025\/12\/kfz-1-768x432.jpg 768w, https:\/\/bestattungsdienst-nuernberg.de\/wp-content\/uploads\/2025\/12\/kfz-1-1536x864.jpg 1536w, https:\/\/bestattungsdienst-nuernberg.de\/wp-content\/uploads\/2025\/12\/kfz-1-2048x1152.jpg 2048w\" sizes=\"auto, (max-width: 300px) 100vw, 300px\" \/> <img loading=\"lazy\" decoding=\"async\" class=\"alignnone size-medium wp-image-714\" src=\"https:\/\/bestattungsdienst-nuernberg.de\/wp-content\/uploads\/2025\/12\/kfz-5-300x169.jpg\" alt=\"\" width=\"300\" height=\"169\" srcset=\"https:\/\/bestattungsdienst-nuernberg.de\/wp-content\/uploads\/2025\/12\/kfz-5-300x169.jpg 300w, https:\/\/bestattungsdienst-nuernberg.de\/wp-content\/uploads\/2025\/12\/kfz-5-1024x576.jpg 1024w, https:\/\/bestattungsdienst-nuernberg.de\/wp-content\/uploads\/2025\/12\/kfz-5-768x432.jpg 768w, https:\/\/bestattungsdienst-nuernberg.de\/wp-content\/uploads\/2025\/12\/kfz-5-1536x864.jpg 1536w, https:\/\/bestattungsdienst-nuernberg.de\/wp-content\/uploads\/2025\/12\/kfz-5-2048x1152.jpg 2048w\" sizes=\"auto, (max-width: 300px) 100vw, 300px\" \/><img loading=\"lazy\" decoding=\"async\" class=\"alignnone size-medium wp-image-711\" src=\"https:\/\/bestattungsdienst-nuernberg.de\/wp-content\/uploads\/2025\/12\/kfz-2-300x169.jpg\" alt=\"\" width=\"300\" height=\"169\" srcset=\"https:\/\/bestattungsdienst-nuernberg.de\/wp-content\/uploads\/2025\/12\/kfz-2-300x169.jpg 300w, https:\/\/bestattungsdienst-nuernberg.de\/wp-content\/uploads\/2025\/12\/kfz-2-1024x576.jpg 1024w, https:\/\/bestattungsdienst-nuernberg.de\/wp-content\/uploads\/2025\/12\/kfz-2-768x432.jpg 768w, https:\/\/bestattungsdienst-nuernberg.de\/wp-content\/uploads\/2025\/12\/kfz-2-1536x864.jpg 1536w, https:\/\/bestattungsdienst-nuernberg.de\/wp-content\/uploads\/2025\/12\/kfz-2-2048x1152.jpg 2048w\" sizes=\"auto, (max-width: 300px) 100vw, 300px\" \/> <img loading=\"lazy\" decoding=\"async\" class=\"alignnone size-medium wp-image-712\" src=\"https:\/\/bestattungsdienst-nuernberg.de\/wp-content\/uploads\/2025\/12\/kfz-3-300x169.jpg\" alt=\"\" width=\"300\" height=\"169\" srcset=\"https:\/\/bestattungsdienst-nuernberg.de\/wp-content\/uploads\/2025\/12\/kfz-3-300x169.jpg 300w, https:\/\/bestattungsdienst-nuernberg.de\/wp-content\/uploads\/2025\/12\/kfz-3-1024x576.jpg 1024w, https:\/\/bestattungsdienst-nuernberg.de\/wp-content\/uploads\/2025\/12\/kfz-3-768x432.jpg 768w, https:\/\/bestattungsdienst-nuernberg.de\/wp-content\/uploads\/2025\/12\/kfz-3-1536x864.jpg 1536w, https:\/\/bestattungsdienst-nuernberg.de\/wp-content\/uploads\/2025\/12\/kfz-3-2048x1152.jpg 2048w\" sizes=\"auto, (max-width: 300px) 100vw, 300px\" \/><\/p>","protected":false},"excerpt":{"rendered":"<p>Fahrzeuge, die den letzten Weg mit Liebe begleiten Unsere Bestattungsfahrzeuge, die den Namen \u201eKaiserburg Bestattungen\u201c tragen, sind mehr als nur Transportmittel. Sie sind stille Begleiter in Momenten, in denen Worte fehlen und in denen jedes Detail z\u00e4hlt. Jedes einzelne Fahrzeug unserer Flotte wurde mit gr\u00f6\u00dfter Sorgfalt ausgew\u00e4hlt \u2013 nicht nur, um allen gesetzlichen Anforderungen zu\u2026<\/p>\n","protected":false},"author":1,"featured_media":0,"parent":0,"menu_order":0,"comment_status":"closed","ping_status":"closed","template":"","meta":{"footnotes":""},"class_list":["post-24","page","type-page","status-publish","hentry"],"_links":{"self":[{"href":"https:\/\/bestattungsdienst-nuernberg.de\/de\/wp-json\/wp\/v2\/pages\/24","targetHints":{"allow":["GET"]}}],"collection":[{"href":"https:\/\/bestattungsdienst-nuernberg.de\/de\/wp-json\/wp\/v2\/pages"}],"about":[{"href":"https:\/\/bestattungsdienst-nuernberg.de\/de\/wp-json\/wp\/v2\/types\/page"}],"author":[{"embeddable":true,"href":"https:\/\/bestattungsdienst-nuernberg.de\/de\/wp-json\/wp\/v2\/users\/1"}],"replies":[{"embeddable":true,"href":"https:\/\/bestattungsdienst-nuernberg.de\/de\/wp-json\/wp\/v2\/comments?post=24"}],"version-history":[{"count":8,"href":"https:\/\/bestattungsdienst-nuernberg.de\/de\/wp-json\/wp\/v2\/pages\/24\/revisions"}],"predecessor-version":[{"id":720,"href":"https:\/\/bestattungsdienst-nuernberg.de\/de\/wp-json\/wp\/v2\/pages\/24\/revisions\/720"}],"wp:attachment":[{"href":"https:\/\/bestattungsdienst-nuernberg.de\/de\/wp-json\/wp\/v2\/media?parent=24"}],"curies":[{"name":"wp","href":"https:\/\/api.w.org\/{rel}","templated":true}]}}