{"id":20,"date":"2024-12-10T08:12:12","date_gmt":"2024-12-10T05:12:12","guid":{"rendered":"http:\/\/bestattungsdienst-nuernberg.de\/?page_id=20"},"modified":"2025-12-12T15:47:33","modified_gmt":"2025-12-12T12:47:33","slug":"team","status":"publish","type":"page","link":"https:\/\/bestattungsdienst-nuernberg.de\/de\/team\/","title":{"rendered":"\u00dcber uns"},"content":{"rendered":"<p><\/p>\n<h1>Willkommen bei Kaiserburg Bestattungen.<\/h1>\n<p>In schweren Momenten sind wir f\u00fcr Sie da, um Sie zu unterst\u00fctzen und Abschied von Ihren Liebsten zu nehmen. Wir sorgen daf\u00fcr, dass ihre Erinnerung in herzlicher W\u00e4rme weiterlebt, und bieten unsere Hilfe in ganz Deutschland an, genau dann, wenn Sie sie am meisten brauchen.<\/p>\n<p><img loading=\"lazy\" decoding=\"async\" class=\"alignnone size-medium wp-image-721\" src=\"https:\/\/bestattungsdienst-nuernberg.de\/wp-content\/uploads\/2025\/12\/mi2-169x300.jpg\" alt=\"\" width=\"169\" height=\"300\" srcset=\"https:\/\/bestattungsdienst-nuernberg.de\/wp-content\/uploads\/2025\/12\/mi2-169x300.jpg 169w, https:\/\/bestattungsdienst-nuernberg.de\/wp-content\/uploads\/2025\/12\/mi2-576x1024.jpg 576w, https:\/\/bestattungsdienst-nuernberg.de\/wp-content\/uploads\/2025\/12\/mi2-768x1365.jpg 768w, https:\/\/bestattungsdienst-nuernberg.de\/wp-content\/uploads\/2025\/12\/mi2-864x1536.jpg 864w, https:\/\/bestattungsdienst-nuernberg.de\/wp-content\/uploads\/2025\/12\/mi2-1152x2048.jpg 1152w, https:\/\/bestattungsdienst-nuernberg.de\/wp-content\/uploads\/2025\/12\/mi2-scaled.jpg 1440w\" sizes=\"auto, (max-width: 169px) 100vw, 169px\" \/>\u00a0 \u00a0 \u00a0 <img loading=\"lazy\" decoding=\"async\" class=\"alignnone size-medium wp-image-722\" src=\"https:\/\/bestattungsdienst-nuernberg.de\/wp-content\/uploads\/2025\/12\/mi-1-169x300.jpg\" alt=\"\" width=\"169\" height=\"300\" srcset=\"https:\/\/bestattungsdienst-nuernberg.de\/wp-content\/uploads\/2025\/12\/mi-1-169x300.jpg 169w, https:\/\/bestattungsdienst-nuernberg.de\/wp-content\/uploads\/2025\/12\/mi-1-576x1024.jpg 576w, https:\/\/bestattungsdienst-nuernberg.de\/wp-content\/uploads\/2025\/12\/mi-1-768x1365.jpg 768w, https:\/\/bestattungsdienst-nuernberg.de\/wp-content\/uploads\/2025\/12\/mi-1-864x1536.jpg 864w, https:\/\/bestattungsdienst-nuernberg.de\/wp-content\/uploads\/2025\/12\/mi-1-1152x2048.jpg 1152w, https:\/\/bestattungsdienst-nuernberg.de\/wp-content\/uploads\/2025\/12\/mi-1-scaled.jpg 1440w\" sizes=\"auto, (max-width: 169px) 100vw, 169px\" \/><\/p>","protected":false},"excerpt":{"rendered":"<p>Willkommen bei Kaiserburg Bestattungen. In schweren Momenten sind wir f\u00fcr Sie da, um Sie zu unterst\u00fctzen und Abschied von Ihren Liebsten zu nehmen. Wir sorgen daf\u00fcr, dass ihre Erinnerung in herzlicher W\u00e4rme weiterlebt, und bieten unsere Hilfe in ganz Deutschland an, genau dann, wenn Sie sie am meisten brauchen. \u00a0 \u00a0 \u00a0<\/p>\n","protected":false},"author":1,"featured_media":0,"parent":0,"menu_order":0,"comment_status":"closed","ping_status":"closed","template":"","meta":{"footnotes":""},"class_list":["post-20","page","type-page","status-publish","hentry"],"_links":{"self":[{"href":"https:\/\/bestattungsdienst-nuernberg.de\/de\/wp-json\/wp\/v2\/pages\/20","targetHints":{"allow":["GET"]}}],"collection":[{"href":"https:\/\/bestattungsdienst-nuernberg.de\/de\/wp-json\/wp\/v2\/pages"}],"about":[{"href":"https:\/\/bestattungsdienst-nuernberg.de\/de\/wp-json\/wp\/v2\/types\/page"}],"author":[{"embeddable":true,"href":"https:\/\/bestattungsdienst-nuernberg.de\/de\/wp-json\/wp\/v2\/users\/1"}],"replies":[{"embeddable":true,"href":"https:\/\/bestattungsdienst-nuernberg.de\/de\/wp-json\/wp\/v2\/comments?post=20"}],"version-history":[{"count":6,"href":"https:\/\/bestattungsdienst-nuernberg.de\/de\/wp-json\/wp\/v2\/pages\/20\/revisions"}],"predecessor-version":[{"id":728,"href":"https:\/\/bestattungsdienst-nuernberg.de\/de\/wp-json\/wp\/v2\/pages\/20\/revisions\/728"}],"wp:attachment":[{"href":"https:\/\/bestattungsdienst-nuernberg.de\/de\/wp-json\/wp\/v2\/media?parent=20"}],"curies":[{"name":"wp","href":"https:\/\/api.w.org\/{rel}","templated":true}]}}